{"id":16980,"date":"2026-03-10T12:55:15","date_gmt":"2026-03-10T10:55:15","guid":{"rendered":"https:\/\/suplimentopia.ro\/?product=polygemma-26-alergii-50-ml-plant-extrakt"},"modified":"2026-03-10T12:55:15","modified_gmt":"2026-03-10T10:55:15","slug":"polygemma-26-alergii-50-ml-plant-extrakt","status":"publish","type":"product","link":"https:\/\/suplimentopia.ro\/?product=polygemma-26-alergii-50-ml-plant-extrakt","title":{"rendered":"Polygemma 26 Alergii, 50 ml, Plant Extrakt"},"content":{"rendered":"<p><strong>Proprietati:<\/strong>&#8211; este o combina\u021bie de extracte din plante care contribuie la un r\u0103spuns imun optim \u00een cazul disconfortului cauzat de factori cu poten\u021bial alergenic;- ajut\u0103 la men\u021binerea rezisten\u021bei la alergii (Turmeric), ajut\u0103 la men\u021binerea eficien\u021bei sistemului imunitar (Turmeric, Astragalus, Rozmarin) \u0219i contribuie la ap\u0103rarea natural\u0103 a organismului (Astragalus, Rozmarin);- contribuie la rezisten\u021ba fiziologic\u0103 la stres \u0219i la factorii nefavorabili de mediu (Coac\u0103z-negru, Astragalus);- tonic care contribuie la activitatea adaptogen\u0103 (Astragalus);- men\u021bine s\u0103n\u0103tatea pl\u0103m\u00e2nilor \u0219i a tractului respirator superior (Turmeric), are efect calmant pentru g\u00e2t, sus\u021bine respira\u021bia u\u0219oar\u0103 \u0219i adecvat\u0103, are efect bl\u00e2nd \u0219i calmant pentru g\u00e2t (Trei fra\u021bi p\u0103ta\u021bi);- con\u021bine antioxidan\u021bi care pot proteja de ac\u021biunea radicalilor liberi (Astragalus, Rozmarin, Turmeric), are propriet\u0103\u021bi antioxidante semnificative (Turmeric);- sus\u021bine func\u021bionarea sistemului nervos (Turmeric), ajut\u0103 la rezisten\u021ba fizic\u0103 \u0219i psihic\u0103 (Astragalus);- sus\u021bine s\u0103n\u0103tatea pielii (Turmeric, Trei-fra\u021bi p\u0103ta\u021bi) \u0219i contribuie la aspectul optim al acesteia (Treifra\u021bip\u0103ta\u021bi);- sus\u021bine digestia \u0219i confortul digestiv (Trei fra\u021bi p\u0103ta\u021bi, Rozmarin, Turmeric), contribuie la produc\u021bia de sucuri digestive (Turmeric, Rozmarin), sus\u021bine s\u0103n\u0103tatea normal\u0103 a ficatului (Turmeric, Rozmarin), sus\u021bine func\u021bia biliar\u0103 \u0219i drenajul hepatobiliar (Rozmarin).<\/p>\n<p><strong>Mod de utilizare:<\/strong>Copii 2+ ani: 1 ml de 3 ori pe zi.Adul\u021bi \u0219i copii 7+ ani: 2 ml de 3 ori pe zi.Se utilizeaz\u0103 prin diluare \u00een pu\u0163in\u0103 ap\u0103.La nevoie se recomand\u0103 un num\u0103r dublu de utiliz\u0103ri timp de 7 zile.Sezonier pe toat\u0103 perioada de expunere la alergeni \u0219i ideal \u0219i cu 4 s\u0103pt\u0103m\u00e2ni \u00eenainte de aceast\u0103 perioad\u0103.Se recomand\u0103 utilizarea p\u00e2n\u0103 la ora 18:00, datorit\u0103 efectului stimulator al sistemului nervos central.A se agita \u00eenainte de utilizare.\u00a0A nu se dep\u0103\u015fi doza recomandat\u0103 pentru consumul zilnic.<\/p>\n<p><strong>Ingrediente:<\/strong>Sirop de Coac\u0103ze negre (Ribes nigrum)-26,5 %, extract din muguri de Coac\u0103z-negru*1:20 (Ribes nigrum)-26 %, extract hidroalcoolic din r\u0103d\u0103cin\u0103 de Curcuma (Curcuma longa) \u2013 15 %, extract hidroalcoolic din r\u0103d\u0103cin\u0103 de Astragalus (Astragalus membranaceus)-12,5 %, extract hidroalcoolic din herba de Trei-fra\u021bi-p\u0103ta\u021bi** (Viola tricolor) &#8211; 12,5 %, extract din ml\u0103di\u021be de Rozmarin (Rozmarinus officinalis) &#8211; 7,5 %.\u00a0Con\u0163ine 35 % vol. alcool etilic din cereale.\u00a0Valoare energetic\u0103: 14,31 kJ\/grespectiv3,42kcal\/g.Plant\u0103 din cultur\u0103 organic\u0103.Plant\u0103 recoltat\u0103 ecologic.Certificare ECOINSPECT Ro-008.<\/p>\n<p><strong>Precautii:<\/strong>Se recomand\u0103 avizul medicului pentru utilizarea \u00een sarcin\u0103 \u0219i al\u0103ptare.\u00a0Contraindicat \u00een epilepsie \u0219i afec\u021biuni cardiace decompensate.\u00a0A nu se l\u0103sa la \u00eendem\u00e2na \u015fi la vederea copiilor mici. Suplimentele alimentare nu \u00eenlocuiesc o diet\u0103 variat\u0103 \u0219i echilibrat\u0103 \u015fi un mod de via\u0163\u0103 s\u0103n\u0103tos.\u00a0Prin natura lor, produsele naturale pot prezenta u\u015foare depuneri care nu afecteaz\u0103 calitatea.<\/p>\n<p><strong>Prezentare: <\/strong>50 ml<\/p>\n","protected":false},"excerpt":{"rendered":"<p>Proprietati:&#8211; este o combina\u021bie de extracte din plante care contribuie la un r\u0103spuns imun optim \u00een cazul disconfortului cauzat de<\/p>\n","protected":false},"featured_media":16981,"comment_status":"open","ping_status":"closed","template":"","meta":[],"product_brand":[],"product_cat":[141],"product_tag":[],"class_list":{"0":"post-16980","1":"product","2":"type-product","3":"status-publish","4":"has-post-thumbnail","6":"product_cat-alergii","8":"first","9":"instock","10":"shipping-taxable","11":"purchasable","12":"product-type-simple"},"_links":{"self":[{"href":"https:\/\/suplimentopia.ro\/index.php?rest_route=\/wp\/v2\/product\/16980","targetHints":{"allow":["GET"]}}],"collection":[{"href":"https:\/\/suplimentopia.ro\/index.php?rest_route=\/wp\/v2\/product"}],"about":[{"href":"https:\/\/suplimentopia.ro\/index.php?rest_route=\/wp\/v2\/types\/product"}],"replies":[{"embeddable":true,"href":"https:\/\/suplimentopia.ro\/index.php?rest_route=%2Fwp%2Fv2%2Fcomments&post=16980"}],"version-history":[{"count":0,"href":"https:\/\/suplimentopia.ro\/index.php?rest_route=\/wp\/v2\/product\/16980\/revisions"}],"wp:featuredmedia":[{"embeddable":true,"href":"https:\/\/suplimentopia.ro\/index.php?rest_route=\/wp\/v2\/media\/16981"}],"wp:attachment":[{"href":"https:\/\/suplimentopia.ro\/index.php?rest_route=%2Fwp%2Fv2%2Fmedia&parent=16980"}],"wp:term":[{"taxonomy":"product_brand","embeddable":true,"href":"https:\/\/suplimentopia.ro\/index.php?rest_route=%2Fwp%2Fv2%2Fproduct_brand&post=16980"},{"taxonomy":"product_cat","embeddable":true,"href":"https:\/\/suplimentopia.ro\/index.php?rest_route=%2Fwp%2Fv2%2Fproduct_cat&post=16980"},{"taxonomy":"product_tag","embeddable":true,"href":"https:\/\/suplimentopia.ro\/index.php?rest_route=%2Fwp%2Fv2%2Fproduct_tag&post=16980"}],"curies":[{"name":"wp","href":"https:\/\/api.w.org\/{rel}","templated":true}]}}