{"id":17155,"date":"2026-03-10T12:56:06","date_gmt":"2026-03-10T10:56:06","guid":{"rendered":"https:\/\/suplimentopia.ro\/?product=crema-cu-cacao-din-alune-de-padure-200-g-solaris"},"modified":"2026-03-10T12:56:06","modified_gmt":"2026-03-10T10:56:06","slug":"crema-cu-cacao-din-alune-de-padure-200-g-solaris","status":"publish","type":"product","link":"https:\/\/suplimentopia.ro\/?product=crema-cu-cacao-din-alune-de-padure-200-g-solaris","title":{"rendered":"Crema cu cacao din alune de padure, 200 g, Solaris"},"content":{"rendered":"<p><strong>Proprietati:<\/strong><\/p>\n<ul>\n<li>\u00a0cu un con\u021binut ridicat de alune, 30%, gust dulce \u0219i o textur\u0103 cremoas\u0103, perfect\u0103 pentru pauza de desert;<\/li>\n<li>\u00a0nu con\u021bine zah\u0103r ad\u0103ugat, este \u00eendulcit\u0103 cu isomalt.<\/li>\n<\/ul>\n<p><strong>Mod de utilizare:<\/strong>Aceast\u0103 crem\u0103 poate fi consumat\u0103 at\u00e2t ca atare cat si folosit\u0103 \u00een diverse deserturi. \u00a0 \u00a0<\/p>\n<p><strong>Ingrediente:<\/strong>30% alune de p\u0103dure coapte, isomal\u021b, unt de shea nehidrogenat, 5% lapte degresat, 5,3% pudr\u0103 de cacao, ulei de rapi\u021b\u0103, lecitin\u0103 de floarea-soarelui, antioxidan\u021bi: extract de rozmarin \u0219i ceai verde, sare de mare.<strong>Alergeni:<\/strong>\u00a0alune de padure.<\/p>\n<p><strong>Declaratie nutritionala:<\/strong>Valori nutri\u021bionale per 100 g:Valoare energetic\u0103 2424 kJ \/ 579 kcalGr\u0103simi 44 g, din care acizi gra\u0219i satura\u021bi 8 gGlucide 40 g, din care zaharuri 7 gProteine 6 gSare 0.02 g<\/p>\n<p><strong>Prezentare: <\/strong>200 g<\/p>\n","protected":false},"excerpt":{"rendered":"<p>Proprietati: \u00a0cu un con\u021binut ridicat de alune, 30%, gust dulce \u0219i o textur\u0103 cremoas\u0103, perfect\u0103 pentru pauza de desert; \u00a0nu<\/p>\n","protected":false},"featured_media":17156,"comment_status":"open","ping_status":"closed","template":"","meta":[],"product_brand":[],"product_cat":[150],"product_tag":[],"class_list":{"0":"post-17155","1":"product","2":"type-product","3":"status-publish","4":"has-post-thumbnail","6":"product_cat-creme-tartinabile","8":"first","9":"instock","10":"shipping-taxable","11":"purchasable","12":"product-type-simple"},"_links":{"self":[{"href":"https:\/\/suplimentopia.ro\/index.php?rest_route=\/wp\/v2\/product\/17155","targetHints":{"allow":["GET"]}}],"collection":[{"href":"https:\/\/suplimentopia.ro\/index.php?rest_route=\/wp\/v2\/product"}],"about":[{"href":"https:\/\/suplimentopia.ro\/index.php?rest_route=\/wp\/v2\/types\/product"}],"replies":[{"embeddable":true,"href":"https:\/\/suplimentopia.ro\/index.php?rest_route=%2Fwp%2Fv2%2Fcomments&post=17155"}],"version-history":[{"count":0,"href":"https:\/\/suplimentopia.ro\/index.php?rest_route=\/wp\/v2\/product\/17155\/revisions"}],"wp:featuredmedia":[{"embeddable":true,"href":"https:\/\/suplimentopia.ro\/index.php?rest_route=\/wp\/v2\/media\/17156"}],"wp:attachment":[{"href":"https:\/\/suplimentopia.ro\/index.php?rest_route=%2Fwp%2Fv2%2Fmedia&parent=17155"}],"wp:term":[{"taxonomy":"product_brand","embeddable":true,"href":"https:\/\/suplimentopia.ro\/index.php?rest_route=%2Fwp%2Fv2%2Fproduct_brand&post=17155"},{"taxonomy":"product_cat","embeddable":true,"href":"https:\/\/suplimentopia.ro\/index.php?rest_route=%2Fwp%2Fv2%2Fproduct_cat&post=17155"},{"taxonomy":"product_tag","embeddable":true,"href":"https:\/\/suplimentopia.ro\/index.php?rest_route=%2Fwp%2Fv2%2Fproduct_tag&post=17155"}],"curies":[{"name":"wp","href":"https:\/\/api.w.org\/{rel}","templated":true}]}}