{"id":19984,"date":"2026-03-10T13:14:28","date_gmt":"2026-03-10T11:14:28","guid":{"rendered":"https:\/\/suplimentopia.ro\/?product=ceai-sveltaflor-50g-fares"},"modified":"2026-03-10T13:14:28","modified_gmt":"2026-03-10T11:14:28","slug":"ceai-sveltaflor-50g-fares","status":"publish","type":"product","link":"https:\/\/suplimentopia.ro\/?product=ceai-sveltaflor-50g-fares","title":{"rendered":"Ceai Sveltaflor, 50g, Fares"},"content":{"rendered":"<p><strong>Proprietati:<\/strong>&#8211; prin formula sa complex\u0103, ceaiul poate avea propriet\u0103\u021bi diuretice, sudorifice \u0219i depurative;- poate contribui la men\u021binerea unei greut\u0103\u021bi corporale normale;- frunzele de senna con\u021bin glicozode antrachinonice care au capacitatea de a m\u0103ri peristaltismul intestinului gros, av\u00e2nd efect laxative;- Sulfina, ment\u0103 \u0219i lavand\u0103 con\u021bin principii active ce pot avea ac\u021biune diuretic\u0103 \u0219i sudorific\u0103;- datorit\u0103 compozi\u021biei lor, florile de \u0219oc pot contribui la stimularea diurezei;- poate cotribui la evacuare con\u021binutului intestinal.<\/p>\n<p><strong>Mod de preparare:<\/strong>Peste 1 linguri\u021b\u0103 amestec de plante se toarn\u0103 200 ml ap\u0103 clocotit\u0103 \u0219i se las\u0103 10-15 minute acoperit, apoi se strecoar\u0103.<\/p>\n<p><strong>Mod de administrare:<\/strong>Se beau 1-2 c\u0103ni cu ceai pe zi, diminea\u021ba \u0219i seara, neasociat cu alimenta\u021bia, ne\u00eendulcit.Durata unei cure obi\u0219nuite este de 6-8 s\u0103pt\u0103m\u00e2ni, apoi o lun\u0103 pauz\u0103.<\/p>\n<p><strong>Ingrediente:<\/strong>Frunze de senna, flori de mu\u0219e\u021bel, flori de \u0219oc, sulfina, flori de lavand\u0103, menta.Contraindica\u021bii:Diaree, deshidratare, copii sub 12 ani, hipersensibilitate la oricare dintre ingrediente.<\/p>\n<p><strong>Precautii:<\/strong>Nu este indicat femeilor \u00eens\u0103rcinate \u0219i mamelor care al\u0103pteaz\u0103.Efecte secundare \u0219i interac\u021biuni:La dozele recomandate nu se cunosc.<\/p>\n<p><strong>Prezentare: <\/strong>50 g<\/p>\n","protected":false},"excerpt":{"rendered":"<p>Proprietati:&#8211; prin formula sa complex\u0103, ceaiul poate avea propriet\u0103\u021bi diuretice, sudorifice \u0219i depurative;- poate contribui la men\u021binerea unei greut\u0103\u021bi corporale<\/p>\n","protected":false},"featured_media":25548,"comment_status":"open","ping_status":"closed","template":"","meta":[],"product_brand":[],"product_cat":[250],"product_tag":[],"class_list":{"0":"post-19984","1":"product","2":"type-product","3":"status-publish","4":"has-post-thumbnail","6":"product_cat-ceaiuri","8":"first","9":"instock","10":"shipping-taxable","11":"purchasable","12":"product-type-simple"},"_links":{"self":[{"href":"https:\/\/suplimentopia.ro\/index.php?rest_route=\/wp\/v2\/product\/19984","targetHints":{"allow":["GET"]}}],"collection":[{"href":"https:\/\/suplimentopia.ro\/index.php?rest_route=\/wp\/v2\/product"}],"about":[{"href":"https:\/\/suplimentopia.ro\/index.php?rest_route=\/wp\/v2\/types\/product"}],"replies":[{"embeddable":true,"href":"https:\/\/suplimentopia.ro\/index.php?rest_route=%2Fwp%2Fv2%2Fcomments&post=19984"}],"version-history":[{"count":0,"href":"https:\/\/suplimentopia.ro\/index.php?rest_route=\/wp\/v2\/product\/19984\/revisions"}],"wp:featuredmedia":[{"embeddable":true,"href":"https:\/\/suplimentopia.ro\/index.php?rest_route=\/wp\/v2\/media\/25548"}],"wp:attachment":[{"href":"https:\/\/suplimentopia.ro\/index.php?rest_route=%2Fwp%2Fv2%2Fmedia&parent=19984"}],"wp:term":[{"taxonomy":"product_brand","embeddable":true,"href":"https:\/\/suplimentopia.ro\/index.php?rest_route=%2Fwp%2Fv2%2Fproduct_brand&post=19984"},{"taxonomy":"product_cat","embeddable":true,"href":"https:\/\/suplimentopia.ro\/index.php?rest_route=%2Fwp%2Fv2%2Fproduct_cat&post=19984"},{"taxonomy":"product_tag","embeddable":true,"href":"https:\/\/suplimentopia.ro\/index.php?rest_route=%2Fwp%2Fv2%2Fproduct_tag&post=19984"}],"curies":[{"name":"wp","href":"https:\/\/api.w.org\/{rel}","templated":true}]}}