{"id":20580,"date":"2026-03-10T13:18:18","date_gmt":"2026-03-10T11:18:18","guid":{"rendered":"https:\/\/suplimentopia.ro\/?product=crema-de-arahide-peanut-butter-crunchy-200-g-solaris"},"modified":"2026-03-10T13:18:18","modified_gmt":"2026-03-10T11:18:18","slug":"crema-de-arahide-peanut-butter-crunchy-200-g-solaris","status":"publish","type":"product","link":"https:\/\/suplimentopia.ro\/?product=crema-de-arahide-peanut-butter-crunchy-200-g-solaris","title":{"rendered":"Crema de arahide Peanut Butter Crunchy, 200 g, Solaris"},"content":{"rendered":"<p><strong>Proprietati:<\/strong><\/p>\n<ul>\n<li>\u00a0crema de arahide este un aliment bogat \u0219i nutritiv, ob\u021binut prin m\u0103cinarea arahidelor pr\u0103jite p\u00e2n\u0103 c\u00e2nd se formeaz\u0103 o past\u0103 fin\u0103;<\/li>\n<li>\u00a0este o surs\u0103 bun\u0103 de energie \u0219i are un con\u021binut ridicat de protein\u0103.<\/li>\n<\/ul>\n<p><strong>Mod de utilizare:<\/strong>Aceast\u0103 crem\u0103 poate fi consumat\u0103 at\u00e2t ca atare cat si folosit\u0103 \u00een diverse deserturi.<\/p>\n<p><strong>Ingrediente:<\/strong>85% arahide coapte, 10% fibre de cicoare, unt de shea nehidrogenat, ulei de rapi\u021b\u0103, sare de mare, lecitin\u0103 de floarea-soarelui, antioxidant: extract de rozmarin \u0219i ceai verde.<strong>Alergeni:<\/strong>\u00a0arahide.<\/p>\n<p><strong>Declaratie nutritionala:<\/strong>Valori nutri\u021bionale per 100 g:Valoare energetic\u0103 2479 kJ \/ 597 kcalGr\u0103simi 44.9 g, din care acizi gra\u0219i satura\u021bi 6 gGlucide 22.5 g, din care zaharuri 2 gProteine 22 gSare 0.6 g<\/p>\n<p><strong>Prezentare: <\/strong>200 g<\/p>\n","protected":false},"excerpt":{"rendered":"<p>Proprietati: \u00a0crema de arahide este un aliment bogat \u0219i nutritiv, ob\u021binut prin m\u0103cinarea arahidelor pr\u0103jite p\u00e2n\u0103 c\u00e2nd se formeaz\u0103 o<\/p>\n","protected":false},"featured_media":26505,"comment_status":"open","ping_status":"closed","template":"","meta":[],"product_brand":[],"product_cat":[150],"product_tag":[],"class_list":{"0":"post-20580","1":"product","2":"type-product","3":"status-publish","4":"has-post-thumbnail","6":"product_cat-creme-tartinabile","8":"first","9":"instock","10":"shipping-taxable","11":"purchasable","12":"product-type-simple"},"_links":{"self":[{"href":"https:\/\/suplimentopia.ro\/index.php?rest_route=\/wp\/v2\/product\/20580","targetHints":{"allow":["GET"]}}],"collection":[{"href":"https:\/\/suplimentopia.ro\/index.php?rest_route=\/wp\/v2\/product"}],"about":[{"href":"https:\/\/suplimentopia.ro\/index.php?rest_route=\/wp\/v2\/types\/product"}],"replies":[{"embeddable":true,"href":"https:\/\/suplimentopia.ro\/index.php?rest_route=%2Fwp%2Fv2%2Fcomments&post=20580"}],"version-history":[{"count":0,"href":"https:\/\/suplimentopia.ro\/index.php?rest_route=\/wp\/v2\/product\/20580\/revisions"}],"wp:featuredmedia":[{"embeddable":true,"href":"https:\/\/suplimentopia.ro\/index.php?rest_route=\/wp\/v2\/media\/26505"}],"wp:attachment":[{"href":"https:\/\/suplimentopia.ro\/index.php?rest_route=%2Fwp%2Fv2%2Fmedia&parent=20580"}],"wp:term":[{"taxonomy":"product_brand","embeddable":true,"href":"https:\/\/suplimentopia.ro\/index.php?rest_route=%2Fwp%2Fv2%2Fproduct_brand&post=20580"},{"taxonomy":"product_cat","embeddable":true,"href":"https:\/\/suplimentopia.ro\/index.php?rest_route=%2Fwp%2Fv2%2Fproduct_cat&post=20580"},{"taxonomy":"product_tag","embeddable":true,"href":"https:\/\/suplimentopia.ro\/index.php?rest_route=%2Fwp%2Fv2%2Fproduct_tag&post=20580"}],"curies":[{"name":"wp","href":"https:\/\/api.w.org\/{rel}","templated":true}]}}