{"id":20754,"date":"2026-03-10T13:19:26","date_gmt":"2026-03-10T11:19:26","guid":{"rendered":"https:\/\/suplimentopia.ro\/?product=pachet-apa-termala-herculane-spray-100-ml-100-ml-ivatherm"},"modified":"2026-03-10T13:19:26","modified_gmt":"2026-03-10T11:19:26","slug":"pachet-apa-termala-herculane-spray-100-ml-100-ml-ivatherm","status":"publish","type":"product","link":"https:\/\/suplimentopia.ro\/?product=pachet-apa-termala-herculane-spray-100-ml-100-ml-ivatherm","title":{"rendered":"Pachet Apa termala Herculane spray, 100 ml + 100 ml, Ivatherm"},"content":{"rendered":"<p>Calmant\u0103, reparatoare.Pentru piele sensibil\u0103.<strong>Indica\u0163ii:<\/strong>Irita\u0163ii diverse, ro\u015fea\u0163\u0103, eritem fesier, eritem solar, dup\u0103 ras, dupa epilare, pentru completarea demachierii sau fixarea machiajului.<strong>Propriet\u0103\u0163i:<\/strong>&#8211; bogat\u0103 \u00een s\u0103ruri minerale \u015fi oligoelemente indispensabile s\u0103n\u0103t\u0103\u0163ii pielii (Ca, Cu, Zn, Al, Fe, Mg);- calmeaz\u0103 \u015fi decongestioneaz\u0103 pielea sensibil\u0103, alergic\u0103, intolerant\u0103;- inhib\u0103 procesul inflamator la nivelul pielii, efect protector asupra pielii, restabile\u015fte bariera cutanat\u0103, previne \u00eemb\u0103tr\u00e2nirea celular\u0103 prin ac\u0163iune anti-radicali liberi, favorizeaz\u0103 cicatrizarea;- compozi\u021bie optim mineralizat\u0103 2500mg\/l.<strong>Mod de utilizare:<\/strong>Se pulverizeaz\u0103 pe piele in strat fin, se las\u0103 sa ac\u0163ioneze c\u00e2teva momente \u00eenainte de a o tampona delicat.<strong>Ingrediente:<\/strong>Aqua (Water), Nitrogen.<strong>Prezentare: <\/strong>100 ml + 100 ml<\/p>\n","protected":false},"excerpt":{"rendered":"<p>Calmant\u0103, reparatoare.Pentru piele sensibil\u0103.Indica\u0163ii:Irita\u0163ii diverse, ro\u015fea\u0163\u0103, eritem fesier, eritem solar, dup\u0103 ras, dupa epilare, pentru completarea demachierii sau fixarea machiajului.Propriet\u0103\u0163i:&#8211;<\/p>\n","protected":false},"featured_media":26737,"comment_status":"open","ping_status":"closed","template":"","meta":[],"product_brand":[],"product_cat":[300],"product_tag":[],"class_list":{"0":"post-20754","1":"product","2":"type-product","3":"status-publish","4":"has-post-thumbnail","6":"product_cat-pachete-speciale","8":"first","9":"instock","10":"shipping-taxable","11":"purchasable","12":"product-type-simple"},"_links":{"self":[{"href":"https:\/\/suplimentopia.ro\/index.php?rest_route=\/wp\/v2\/product\/20754","targetHints":{"allow":["GET"]}}],"collection":[{"href":"https:\/\/suplimentopia.ro\/index.php?rest_route=\/wp\/v2\/product"}],"about":[{"href":"https:\/\/suplimentopia.ro\/index.php?rest_route=\/wp\/v2\/types\/product"}],"replies":[{"embeddable":true,"href":"https:\/\/suplimentopia.ro\/index.php?rest_route=%2Fwp%2Fv2%2Fcomments&post=20754"}],"version-history":[{"count":0,"href":"https:\/\/suplimentopia.ro\/index.php?rest_route=\/wp\/v2\/product\/20754\/revisions"}],"wp:featuredmedia":[{"embeddable":true,"href":"https:\/\/suplimentopia.ro\/index.php?rest_route=\/wp\/v2\/media\/26737"}],"wp:attachment":[{"href":"https:\/\/suplimentopia.ro\/index.php?rest_route=%2Fwp%2Fv2%2Fmedia&parent=20754"}],"wp:term":[{"taxonomy":"product_brand","embeddable":true,"href":"https:\/\/suplimentopia.ro\/index.php?rest_route=%2Fwp%2Fv2%2Fproduct_brand&post=20754"},{"taxonomy":"product_cat","embeddable":true,"href":"https:\/\/suplimentopia.ro\/index.php?rest_route=%2Fwp%2Fv2%2Fproduct_cat&post=20754"},{"taxonomy":"product_tag","embeddable":true,"href":"https:\/\/suplimentopia.ro\/index.php?rest_route=%2Fwp%2Fv2%2Fproduct_tag&post=20754"}],"curies":[{"name":"wp","href":"https:\/\/api.w.org\/{rel}","templated":true}]}}