{"id":21268,"date":"2026-03-10T13:22:45","date_gmt":"2026-03-10T11:22:45","guid":{"rendered":"https:\/\/suplimentopia.ro\/?product=gel-de-dus-fresa-y-nata-650-ml-tulipan-negro"},"modified":"2026-03-10T13:22:45","modified_gmt":"2026-03-10T11:22:45","slug":"gel-de-dus-fresa-y-nata-650-ml-tulipan-negro","status":"publish","type":"product","link":"https:\/\/suplimentopia.ro\/?product=gel-de-dus-fresa-y-nata-650-ml-tulipan-negro","title":{"rendered":"Gel de dus Fresa y Nata, 650 ml, Tulipan Negro"},"content":{"rendered":"<p>Gelul de du\u0219 Tulip\u00e1n Negro Fresa y Nata Kiss \u00ee\u021bi r\u0103sfa\u021b\u0103 pielea cu o combina\u021bie delicioas\u0103 de c\u0103p\u0219uni dulci \u0219i crem\u0103 fin\u0103, transform\u00e2nd fiecare du\u0219 \u00eentr-un moment de pl\u0103cere \u0219i confort. Formula sa delicat\u0103 cur\u0103\u021b\u0103 eficient pielea, \u00een timp ce principiile higroscopice ale c\u0103p\u0219unilor contribuie la hidratare \u0219i la men\u021binerea nivelului optim de nutri\u021bie. Textura cremoas\u0103 ofer\u0103 catifelare intens\u0103 \u0219i ajut\u0103 la men\u021binerea elasticit\u0103\u021bii pielii, l\u0103s\u00e2nd-o moale, neted\u0103 \u0219i pl\u0103cut parfumat\u0103.<\/p>\n","protected":false},"excerpt":{"rendered":"<p>Gelul de du\u0219 Tulip\u00e1n Negro Fresa y Nata Kiss \u00ee\u021bi r\u0103sfa\u021b\u0103 pielea cu o combina\u021bie delicioas\u0103 de c\u0103p\u0219uni dulci \u0219i<\/p>\n","protected":false},"featured_media":27504,"comment_status":"open","ping_status":"closed","template":"","meta":[],"product_brand":[],"product_cat":[368],"product_tag":[],"class_list":{"0":"post-21268","1":"product","2":"type-product","3":"status-publish","4":"has-post-thumbnail","6":"product_cat-gel-de-dus","8":"first","9":"instock","10":"shipping-taxable","11":"purchasable","12":"product-type-simple"},"_links":{"self":[{"href":"https:\/\/suplimentopia.ro\/index.php?rest_route=\/wp\/v2\/product\/21268","targetHints":{"allow":["GET"]}}],"collection":[{"href":"https:\/\/suplimentopia.ro\/index.php?rest_route=\/wp\/v2\/product"}],"about":[{"href":"https:\/\/suplimentopia.ro\/index.php?rest_route=\/wp\/v2\/types\/product"}],"replies":[{"embeddable":true,"href":"https:\/\/suplimentopia.ro\/index.php?rest_route=%2Fwp%2Fv2%2Fcomments&post=21268"}],"version-history":[{"count":0,"href":"https:\/\/suplimentopia.ro\/index.php?rest_route=\/wp\/v2\/product\/21268\/revisions"}],"wp:featuredmedia":[{"embeddable":true,"href":"https:\/\/suplimentopia.ro\/index.php?rest_route=\/wp\/v2\/media\/27504"}],"wp:attachment":[{"href":"https:\/\/suplimentopia.ro\/index.php?rest_route=%2Fwp%2Fv2%2Fmedia&parent=21268"}],"wp:term":[{"taxonomy":"product_brand","embeddable":true,"href":"https:\/\/suplimentopia.ro\/index.php?rest_route=%2Fwp%2Fv2%2Fproduct_brand&post=21268"},{"taxonomy":"product_cat","embeddable":true,"href":"https:\/\/suplimentopia.ro\/index.php?rest_route=%2Fwp%2Fv2%2Fproduct_cat&post=21268"},{"taxonomy":"product_tag","embeddable":true,"href":"https:\/\/suplimentopia.ro\/index.php?rest_route=%2Fwp%2Fv2%2Fproduct_tag&post=21268"}],"curies":[{"name":"wp","href":"https:\/\/api.w.org\/{rel}","templated":true}]}}