{"id":21392,"date":"2026-03-10T13:23:34","date_gmt":"2026-03-10T11:23:34","guid":{"rendered":"https:\/\/suplimentopia.ro\/?product=l-arginine-30-tablete-secom"},"modified":"2026-03-10T13:23:34","modified_gmt":"2026-03-10T11:23:34","slug":"l-arginine-30-tablete-secom","status":"publish","type":"product","link":"https:\/\/suplimentopia.ro\/?product=l-arginine-30-tablete-secom","title":{"rendered":"L-Arginine, 30 tablete, Secom"},"content":{"rendered":"<p>Contribuie la protec\u021bia func\u021biilor hepatice, cardiovasculare \u0219i renale.<strong>Propriet\u0103\u021bi:<\/strong>Arginina este un aminoacid esen\u021bial la copii (nu poate fi produs \u00een organism \u0219i se ob\u021bine exclusiv prin aport extern), iar \u00een cazul adul\u021bilor este un aminoacid semiesen\u021bial (poate fi produs \u00een organism, dar \u00een cantitate insuficient\u0103 \u0219i necesit\u0103 \u0219i aport exogen).- sus\u021binerea func\u021biilor hepatice, cardiovasculare \u0219i renale:- reducerea toxicit\u0103\u021bii cerebrale a amoniacului: reducerea nivelului amoniacului \u0219i al celorlal\u021bi deriva\u021bi toxici de azot din organism prin metabolizarea lor hepatic\u0103 \u00een uree, mai pu\u021bin toxic\u0103- sus\u021binerea eliber\u0103rii hormonului de cre\u0219tere ce stimuleaz\u0103, \u00een copil\u0103rie cre\u0219terea, iar la maturitate regenerarea \u0219i refacerea \u021besuturilor- formarea oxidului nitric care dilat\u0103, relaxeaz\u0103 \u0219i men\u021bine elasticitatea vaselor sangvine cu efect pozitiv \u00een:- reglarea nivelului tensiunii arteriale, \u00eembun\u0103t\u0103\u021birea circula\u021biei periferice- oxigenarea mu\u0219chiului cardiac- reducerea disfunc\u021biei endoteliale: reduce progresia pl\u0103cii de colesterol, oxidarea LDL-colesterolului \u0219i reduce agregarea plachetar\u0103- \u00eembun\u0103t\u0103\u021birea calit\u0103\u021bii lichidului seminal \u0219i reducerea disfunc\u021biei erectile- stimularea metabolismului energetic al celulei musculare prin participarea la sinteza hepatic\u0103 a creatinei cu rol \u00een contrac\u021bia muscular\u0103<strong>Indica\u021bii:<\/strong>Este recomandat ca protector hepatic, antioxidant, detoxifiant, imunostimulator (stimuleaz\u0103 producerea de limfocite T) , hipocolesterolemiant, hipoglicemiant, reduce infertilitatea feminin\u0103 \u0219i masculin\u0103, \u00eembun\u0103t\u0103\u021be\u0219te circula\u021bia periferic\u0103, ajut\u0103 la refacerea \u021besuturilor ( \u00een arsuri, interven\u021bii chirurgicale), protector cardiovascular, adjuvant \u00een terapia antitumoral\u0103.<strong>Compozi\u021bie per capsul\u0103:<\/strong>1000 mg L-Arginin\u0103<strong>Mod de administrare:<\/strong>1 tableta \/ zi \u00eenainte de mas\u0103 sau conform recomand\u0103rii medicului de specialitate.<strong>Contraindica\u021bii:<\/strong>NU se administreaz\u0103 \u00een herpes, schizofrenie, gigantism, copii mici, femei \u00eens\u0103rcinate sau care al\u0103pteaz\u0103.<strong>Efecte secundare:<\/strong>Nu s-au eviden\u021biat la dozele prescrise.<strong>Prezentare: <\/strong>30 tablete<\/p>\n","protected":false},"excerpt":{"rendered":"<p>Contribuie la protec\u021bia func\u021biilor hepatice, cardiovasculare \u0219i renale.Propriet\u0103\u021bi:Arginina este un aminoacid esen\u021bial la copii (nu poate fi produs \u00een organism<\/p>\n","protected":false},"featured_media":27822,"comment_status":"open","ping_status":"closed","template":"","meta":[],"product_brand":[],"product_cat":[369],"product_tag":[],"class_list":{"0":"post-21392","1":"product","2":"type-product","3":"status-publish","4":"has-post-thumbnail","6":"product_cat-hepatoprotectoare","8":"first","9":"instock","10":"shipping-taxable","11":"purchasable","12":"product-type-simple"},"_links":{"self":[{"href":"https:\/\/suplimentopia.ro\/index.php?rest_route=\/wp\/v2\/product\/21392","targetHints":{"allow":["GET"]}}],"collection":[{"href":"https:\/\/suplimentopia.ro\/index.php?rest_route=\/wp\/v2\/product"}],"about":[{"href":"https:\/\/suplimentopia.ro\/index.php?rest_route=\/wp\/v2\/types\/product"}],"replies":[{"embeddable":true,"href":"https:\/\/suplimentopia.ro\/index.php?rest_route=%2Fwp%2Fv2%2Fcomments&post=21392"}],"version-history":[{"count":0,"href":"https:\/\/suplimentopia.ro\/index.php?rest_route=\/wp\/v2\/product\/21392\/revisions"}],"wp:featuredmedia":[{"embeddable":true,"href":"https:\/\/suplimentopia.ro\/index.php?rest_route=\/wp\/v2\/media\/27822"}],"wp:attachment":[{"href":"https:\/\/suplimentopia.ro\/index.php?rest_route=%2Fwp%2Fv2%2Fmedia&parent=21392"}],"wp:term":[{"taxonomy":"product_brand","embeddable":true,"href":"https:\/\/suplimentopia.ro\/index.php?rest_route=%2Fwp%2Fv2%2Fproduct_brand&post=21392"},{"taxonomy":"product_cat","embeddable":true,"href":"https:\/\/suplimentopia.ro\/index.php?rest_route=%2Fwp%2Fv2%2Fproduct_cat&post=21392"},{"taxonomy":"product_tag","embeddable":true,"href":"https:\/\/suplimentopia.ro\/index.php?rest_route=%2Fwp%2Fv2%2Fproduct_tag&post=21392"}],"curies":[{"name":"wp","href":"https:\/\/api.w.org\/{rel}","templated":true}]}}