{"id":21764,"date":"2026-03-10T13:26:20","date_gmt":"2026-03-10T11:26:20","guid":{"rendered":"https:\/\/suplimentopia.ro\/?product=crema-anti-imbatranire-pentru-conturul-ochilor-dermabsolu-15-ml-avene"},"modified":"2026-03-10T13:26:20","modified_gmt":"2026-03-10T11:26:20","slug":"crema-anti-imbatranire-pentru-conturul-ochilor-dermabsolu-15-ml-avene","status":"publish","type":"product","link":"https:\/\/suplimentopia.ro\/?product=crema-anti-imbatranire-pentru-conturul-ochilor-dermabsolu-15-ml-avene","title":{"rendered":"Crema anti-imbatranire pentru conturul ochilor DermAbsolu, 15 ml, Avene"},"content":{"rendered":"<p><strong>Proprietati:<\/strong><\/p>\n<ul>\n<li>\u00a0ac\u021bioneaz\u0103 ca anticearc\u0103n \u0219i ac\u021bioneaz\u0103 asupra tuturor semnelor de \u00eemb\u0103tr\u00e2nire ale pielii din jurul ochilor, datorit\u0103 combina\u021biei sale unice de ingrediente active patentate;<\/li>\n<li>\u00a0polifenolii de vanilie, stimulatori ai acidului hialuronic, lupt\u0103 \u00eempotriva pielii laxe \u0219i restabilesc densitatea acesteia;<\/li>\n<li>\u00a0bakuchiol (sau syt\u00e9nol), o alternativ\u0103 pe baz\u0103 de retinol, ajut\u0103 la men\u021binerea volumelor faciale;<\/li>\n<li>\u00a0glicoleolul, precursor al lipidelor esen\u021biale pielii, ofer\u0103 acesteia hidratare \u0219i confort;<\/li>\n<li>\u00a0ac\u021biunea sulfatului de dextran \u0219i a aplicatorului metalic ofer\u0103 masaj \u0219i un efect revigorant pentru a reduce cearc\u0103nele \u0219i pungile de sub ochi;<\/li>\n<li>\u00a0f\u0103r\u0103 parfum \u0219i bogat \u00een ap\u0103 termal\u0103, este perfect adaptat pentru a se potrivi conturului ochilor sensibili.<\/li>\n<\/ul>\n<p><strong>Mod de utilizare:<\/strong>Se aplic\u0103 diminea\u021ba \u0219i\/sau seara, prin tapotare u\u0219oar\u0103 pe conturul ochilor \u0219i de-a lungul arcadei.\u00a0Evita\u021bi contactul direct cu ochii.\u00a0Numai pentru uz extern.<\/p>\n<p><strong>Ingrediente:<\/strong>AVENE THERMAL SPRING WATER (AVENE AQUA). MINERAL OIL (PARAFFINUM LIQUIDUM). CAPRYLIC\/CAPRIC TRIGLYCERIDE. ISOHEXADECANE. GLYCERYL STEARATE. PEG-100 STEARATE. GLYCERIN. DIMETHICONE. METHYL GLUCETH-20. PROPYLENE GLYCOL ALGINATE. BAKUCHIOL. SIMMONDSIA CHINENSIS (JOJOBA) SEED OIL (SIMMONDSIA CHINENSIS SEED OIL). 1,2-HEXANEDIOL. CAPRYLYL GLYCOL. CARBOMER. DIMETHICONE CROSSPOLYMER. DISODIUM EDTA. GLYCERYL LINOLEATE. GLYCERYL LINOLENATE. GLYCERYL OLEATE. GLYCERYL PALMITATE. GLYCINE SOJA (SOYBEAN) OIL (GLYCINE SOJA OIL). HYDROGENATED STARCH HYDROLYSATE. PROPYLENE GLYCOL. SODIUM DEXTRAN SULFATE. SODIUM HYDROXIDE. TOCOPHEROL. TOCOPHERYL GLUCOSIDE. VANILLA TAHITENSIS FRUIT EXTRACT. WATER (AQUA)<\/p>\n<p><strong>Prezentare: <\/strong>15 ml<\/p>\n","protected":false},"excerpt":{"rendered":"<p>Proprietati: \u00a0ac\u021bioneaz\u0103 ca anticearc\u0103n \u0219i ac\u021bioneaz\u0103 asupra tuturor semnelor de \u00eemb\u0103tr\u00e2nire ale pielii din jurul ochilor, datorit\u0103 combina\u021biei sale unice<\/p>\n","protected":false},"featured_media":28446,"comment_status":"open","ping_status":"closed","template":"","meta":[],"product_brand":[],"product_cat":[299],"product_tag":[],"class_list":{"0":"post-21764","1":"product","2":"type-product","3":"status-publish","4":"has-post-thumbnail","6":"product_cat-ingrijire-pentru-zona-ochilor","8":"first","9":"instock","10":"shipping-taxable","11":"purchasable","12":"product-type-simple"},"_links":{"self":[{"href":"https:\/\/suplimentopia.ro\/index.php?rest_route=\/wp\/v2\/product\/21764","targetHints":{"allow":["GET"]}}],"collection":[{"href":"https:\/\/suplimentopia.ro\/index.php?rest_route=\/wp\/v2\/product"}],"about":[{"href":"https:\/\/suplimentopia.ro\/index.php?rest_route=\/wp\/v2\/types\/product"}],"replies":[{"embeddable":true,"href":"https:\/\/suplimentopia.ro\/index.php?rest_route=%2Fwp%2Fv2%2Fcomments&post=21764"}],"version-history":[{"count":0,"href":"https:\/\/suplimentopia.ro\/index.php?rest_route=\/wp\/v2\/product\/21764\/revisions"}],"wp:featuredmedia":[{"embeddable":true,"href":"https:\/\/suplimentopia.ro\/index.php?rest_route=\/wp\/v2\/media\/28446"}],"wp:attachment":[{"href":"https:\/\/suplimentopia.ro\/index.php?rest_route=%2Fwp%2Fv2%2Fmedia&parent=21764"}],"wp:term":[{"taxonomy":"product_brand","embeddable":true,"href":"https:\/\/suplimentopia.ro\/index.php?rest_route=%2Fwp%2Fv2%2Fproduct_brand&post=21764"},{"taxonomy":"product_cat","embeddable":true,"href":"https:\/\/suplimentopia.ro\/index.php?rest_route=%2Fwp%2Fv2%2Fproduct_cat&post=21764"},{"taxonomy":"product_tag","embeddable":true,"href":"https:\/\/suplimentopia.ro\/index.php?rest_route=%2Fwp%2Fv2%2Fproduct_tag&post=21764"}],"curies":[{"name":"wp","href":"https:\/\/api.w.org\/{rel}","templated":true}]}}