{"id":22083,"date":"2026-03-10T13:28:46","date_gmt":"2026-03-10T11:28:46","guid":{"rendered":"https:\/\/suplimentopia.ro\/?product=lac-unghii-nr-7-sidef-11-ml-farmec"},"modified":"2026-03-10T13:28:46","modified_gmt":"2026-03-10T11:28:46","slug":"lac-unghii-nr-7-sidef-11-ml-farmec","status":"publish","type":"product","link":"https:\/\/suplimentopia.ro\/?product=lac-unghii-nr-7-sidef-11-ml-farmec","title":{"rendered":"Lac unghii nr.7 sidef, 11 ml, Farmec"},"content":{"rendered":"<p><strong>Proprietati:<\/strong><\/p>\n<ul>\n<li>\u00a0rezist\u0103 pe unghii timp \u00eendelungat;<\/li>\n<li>\u00a0ofera unghiei luciu \u015fi str\u0103lucire.<\/li>\n<\/ul>\n<p><strong>Mod de utilizare:<\/strong>Agita\u021bi bine recipientul \u00eenainte de aplicarea lacului pe unghii.\u00a0Aplica\u021bi lacul \u00eentr-un strat sau dou\u0103, \u00een func\u0163ie de intensitatea dorit\u0103.<\/p>\n<p><strong>Ingrediente:<\/strong>Butyl Acetate, Ethyl Acetate, Nitrocellulose, Acetyl Tributyl Citrate, Isopropyl Alcohol, Adipic Acid\/Neopentyl Glycol\/Trimellitic Anhydride Copolymer, Stearalkonium Bentonite, Acrylates Copolymer, Mica, Tin Oxide, Benzophenone-1, N-Butyl Alcohol, Silica, Trimethylpentanediyl Dibenzoate, Polyvinyl Butyral, Diacetone Alcohol, Phosphoric Acid, +\/- CI 77891, CI 77510, CI 77266 (nano), CI 15850, CI 77491, CI 19140, CI 15880.<\/p>\n<p><strong>Prezentare: <\/strong>11 ml<\/p>\n","protected":false},"excerpt":{"rendered":"<p>Proprietati: \u00a0rezist\u0103 pe unghii timp \u00eendelungat; \u00a0ofera unghiei luciu \u015fi str\u0103lucire. Mod de utilizare:Agita\u021bi bine recipientul \u00eenainte de aplicarea lacului<\/p>\n","protected":false},"featured_media":28971,"comment_status":"open","ping_status":"closed","template":"","meta":[],"product_brand":[],"product_cat":[229],"product_tag":[],"class_list":{"0":"post-22083","1":"product","2":"type-product","3":"status-publish","4":"has-post-thumbnail","6":"product_cat-lac-de-unghii","8":"first","9":"instock","10":"shipping-taxable","11":"purchasable","12":"product-type-simple"},"_links":{"self":[{"href":"https:\/\/suplimentopia.ro\/index.php?rest_route=\/wp\/v2\/product\/22083","targetHints":{"allow":["GET"]}}],"collection":[{"href":"https:\/\/suplimentopia.ro\/index.php?rest_route=\/wp\/v2\/product"}],"about":[{"href":"https:\/\/suplimentopia.ro\/index.php?rest_route=\/wp\/v2\/types\/product"}],"replies":[{"embeddable":true,"href":"https:\/\/suplimentopia.ro\/index.php?rest_route=%2Fwp%2Fv2%2Fcomments&post=22083"}],"version-history":[{"count":0,"href":"https:\/\/suplimentopia.ro\/index.php?rest_route=\/wp\/v2\/product\/22083\/revisions"}],"wp:featuredmedia":[{"embeddable":true,"href":"https:\/\/suplimentopia.ro\/index.php?rest_route=\/wp\/v2\/media\/28971"}],"wp:attachment":[{"href":"https:\/\/suplimentopia.ro\/index.php?rest_route=%2Fwp%2Fv2%2Fmedia&parent=22083"}],"wp:term":[{"taxonomy":"product_brand","embeddable":true,"href":"https:\/\/suplimentopia.ro\/index.php?rest_route=%2Fwp%2Fv2%2Fproduct_brand&post=22083"},{"taxonomy":"product_cat","embeddable":true,"href":"https:\/\/suplimentopia.ro\/index.php?rest_route=%2Fwp%2Fv2%2Fproduct_cat&post=22083"},{"taxonomy":"product_tag","embeddable":true,"href":"https:\/\/suplimentopia.ro\/index.php?rest_route=%2Fwp%2Fv2%2Fproduct_tag&post=22083"}],"curies":[{"name":"wp","href":"https:\/\/api.w.org\/{rel}","templated":true}]}}