{"id":23459,"date":"2026-03-10T13:39:20","date_gmt":"2026-03-10T11:39:20","guid":{"rendered":"https:\/\/suplimentopia.ro\/?product=gel-de-dus-fresa-y-cereza-650-ml-tulipan-negro"},"modified":"2026-03-10T13:39:20","modified_gmt":"2026-03-10T11:39:20","slug":"gel-de-dus-fresa-y-cereza-650-ml-tulipan-negro","status":"publish","type":"product","link":"https:\/\/suplimentopia.ro\/?product=gel-de-dus-fresa-y-cereza-650-ml-tulipan-negro","title":{"rendered":"Gel de dus Fresa y Cereza, 650 ml, Tulipan Negro"},"content":{"rendered":"<p>Gelul de du\u0219 Tulip\u00e1n Negro Strawberry &amp; Cherry Passion \u00ee\u021bi transform\u0103 rutina zilnic\u0103 \u00eentr-un moment delicios de r\u0103sf\u0103\u021b, datorit\u0103 parfumului fructat \u0219i dulce de c\u0103p\u0219uni \u0219i cire\u0219e. Formula sa este \u00eembog\u0103\u021bit\u0103 cu extracte naturale de fructe, bogate \u00een vitamine, care ajut\u0103 la \u00eengrijirea pielii \u0219i la men\u021binerea unui aspect catifelat \u0219i revitalizat. Cur\u0103\u021b\u0103 delicat pielea, oferind \u00een acela\u0219i timp o senza\u021bie pl\u0103cut\u0103 de bine \u0219i prospe\u021bime, ideal\u0103 pentru \u00eentreaga familie \u0219i pentru utilizare zilnic\u0103.<\/p>\n<p><strong>Propriet\u0103\u021bi:<\/strong>\u2022 Parfum fructat \u0219i dulce de c\u0103p\u0219uni \u0219i cire\u0219e\u2022 Con\u021bine extracte de fructe cu vitamine benefice pentru piele\u2022 Ajut\u0103 la regenerarea pielii \u0219i la men\u021binerea suple\u021bii\u2022 Cur\u0103\u021b\u0103 delicat f\u0103r\u0103 a usca pielea\u2022 Ofer\u0103 o senza\u021bie de prospe\u021bime \u0219i bun\u0103 dispozi\u021bie\u2022 Potrivit pentru toate tipurile de piele\u2022 Format familial, ideal pentru utilizare zilnic\u0103<\/p>\n<p><strong>Mod de utilizare:<\/strong>Aplic\u0103 o cantitate adecvat\u0103 pe pielea umed\u0103 sau pe un burete de baie, maseaz\u0103 u\u0219or p\u00e2n\u0103 la formarea spumei, apoi cl\u0103te\u0219te cu ap\u0103 din abunden\u021b\u0103.<\/p>\n<p><strong>Prezentare: <\/strong>650 ml<\/p>\n","protected":false},"excerpt":{"rendered":"<p>Gelul de du\u0219 Tulip\u00e1n Negro Strawberry &amp; Cherry Passion \u00ee\u021bi transform\u0103 rutina zilnic\u0103 \u00eentr-un moment delicios de r\u0103sf\u0103\u021b, datorit\u0103 parfumului<\/p>\n","protected":false},"featured_media":31102,"comment_status":"open","ping_status":"closed","template":"","meta":[],"product_brand":[],"product_cat":[368],"product_tag":[],"class_list":{"0":"post-23459","1":"product","2":"type-product","3":"status-publish","4":"has-post-thumbnail","6":"product_cat-gel-de-dus","8":"first","9":"instock","10":"shipping-taxable","11":"purchasable","12":"product-type-simple"},"_links":{"self":[{"href":"https:\/\/suplimentopia.ro\/index.php?rest_route=\/wp\/v2\/product\/23459","targetHints":{"allow":["GET"]}}],"collection":[{"href":"https:\/\/suplimentopia.ro\/index.php?rest_route=\/wp\/v2\/product"}],"about":[{"href":"https:\/\/suplimentopia.ro\/index.php?rest_route=\/wp\/v2\/types\/product"}],"replies":[{"embeddable":true,"href":"https:\/\/suplimentopia.ro\/index.php?rest_route=%2Fwp%2Fv2%2Fcomments&post=23459"}],"version-history":[{"count":0,"href":"https:\/\/suplimentopia.ro\/index.php?rest_route=\/wp\/v2\/product\/23459\/revisions"}],"wp:featuredmedia":[{"embeddable":true,"href":"https:\/\/suplimentopia.ro\/index.php?rest_route=\/wp\/v2\/media\/31102"}],"wp:attachment":[{"href":"https:\/\/suplimentopia.ro\/index.php?rest_route=%2Fwp%2Fv2%2Fmedia&parent=23459"}],"wp:term":[{"taxonomy":"product_brand","embeddable":true,"href":"https:\/\/suplimentopia.ro\/index.php?rest_route=%2Fwp%2Fv2%2Fproduct_brand&post=23459"},{"taxonomy":"product_cat","embeddable":true,"href":"https:\/\/suplimentopia.ro\/index.php?rest_route=%2Fwp%2Fv2%2Fproduct_cat&post=23459"},{"taxonomy":"product_tag","embeddable":true,"href":"https:\/\/suplimentopia.ro\/index.php?rest_route=%2Fwp%2Fv2%2Fproduct_tag&post=23459"}],"curies":[{"name":"wp","href":"https:\/\/api.w.org\/{rel}","templated":true}]}}