{"id":24381,"date":"2026-03-10T13:48:38","date_gmt":"2026-03-10T11:48:38","guid":{"rendered":"https:\/\/suplimentopia.ro\/?product=dischete-demachiante-aqua-life-cotoneve-80-bucati-sisma"},"modified":"2026-03-10T13:48:38","modified_gmt":"2026-03-10T11:48:38","slug":"dischete-demachiante-aqua-life-cotoneve-80-bucati-sisma","status":"publish","type":"product","link":"https:\/\/suplimentopia.ro\/?product=dischete-demachiante-aqua-life-cotoneve-80-bucati-sisma","title":{"rendered":"Dischete demachiante Aqua Life Cotoneve, 80 bucati, Sisma"},"content":{"rendered":"<p>Dischete demachiante Aqua Life Cotoneve, 80 bucati, Sisma<\/p>\n<p>Dischete demachiante Cotoneve<\/p>\n<ul>\n<li>Realizate din bumbac 100%, aceste dischete nu se exfoliaz\u0103 \u0219i \u00eendep\u0103rteaz\u0103 eficient machiajul fetei, g\u00e2tului \u0219i ochilor, l\u0103s\u00e2nd pielea perfect curat\u0103 \u0219i str\u0103lucitoare.<\/li>\n<\/ul>\n<p>80 buc\u0103\u021bi<\/p>\n","protected":false},"excerpt":{"rendered":"<p>Dischete demachiante Aqua Life Cotoneve, 80 bucati, Sisma Dischete demachiante Cotoneve Realizate din bumbac 100%, aceste dischete nu se exfoliaz\u0103<\/p>\n","protected":false},"featured_media":32592,"comment_status":"open","ping_status":"closed","template":"","meta":[],"product_brand":[],"product_cat":[450],"product_tag":[],"class_list":{"0":"post-24381","1":"product","2":"type-product","3":"status-publish","4":"has-post-thumbnail","6":"product_cat-servetele-si-dischete-demachiante","8":"first","9":"instock","10":"shipping-taxable","11":"purchasable","12":"product-type-simple"},"_links":{"self":[{"href":"https:\/\/suplimentopia.ro\/index.php?rest_route=\/wp\/v2\/product\/24381","targetHints":{"allow":["GET"]}}],"collection":[{"href":"https:\/\/suplimentopia.ro\/index.php?rest_route=\/wp\/v2\/product"}],"about":[{"href":"https:\/\/suplimentopia.ro\/index.php?rest_route=\/wp\/v2\/types\/product"}],"replies":[{"embeddable":true,"href":"https:\/\/suplimentopia.ro\/index.php?rest_route=%2Fwp%2Fv2%2Fcomments&post=24381"}],"version-history":[{"count":0,"href":"https:\/\/suplimentopia.ro\/index.php?rest_route=\/wp\/v2\/product\/24381\/revisions"}],"wp:featuredmedia":[{"embeddable":true,"href":"https:\/\/suplimentopia.ro\/index.php?rest_route=\/wp\/v2\/media\/32592"}],"wp:attachment":[{"href":"https:\/\/suplimentopia.ro\/index.php?rest_route=%2Fwp%2Fv2%2Fmedia&parent=24381"}],"wp:term":[{"taxonomy":"product_brand","embeddable":true,"href":"https:\/\/suplimentopia.ro\/index.php?rest_route=%2Fwp%2Fv2%2Fproduct_brand&post=24381"},{"taxonomy":"product_cat","embeddable":true,"href":"https:\/\/suplimentopia.ro\/index.php?rest_route=%2Fwp%2Fv2%2Fproduct_cat&post=24381"},{"taxonomy":"product_tag","embeddable":true,"href":"https:\/\/suplimentopia.ro\/index.php?rest_route=%2Fwp%2Fv2%2Fproduct_tag&post=24381"}],"curies":[{"name":"wp","href":"https:\/\/api.w.org\/{rel}","templated":true}]}}