{"id":24383,"date":"2026-03-10T13:48:41","date_gmt":"2026-03-10T11:48:41","guid":{"rendered":"https:\/\/suplimentopia.ro\/?product=dischete-demachiante-din-bumbac-120-bucati-hygienium"},"modified":"2026-03-10T13:48:41","modified_gmt":"2026-03-10T11:48:41","slug":"dischete-demachiante-din-bumbac-120-bucati-hygienium","status":"publish","type":"product","link":"https:\/\/suplimentopia.ro\/?product=dischete-demachiante-din-bumbac-120-bucati-hygienium","title":{"rendered":"Dischete demachiante din bumbac, 120 bucati, Hygienium"},"content":{"rendered":"<p>Dischete din 100% bumbac, ideale pentru \u00eendep\u0103rtarea machiajul sau pentru cur\u0103\u0163area pielii. <\/p>\n<p>Sunt foarte delicate \u015fi nu las\u0103 fibre pe fa\u0163\u0103 dup\u0103 folosire, iar marginile moi nu irit\u0103 pielea.<\/p>\n<p><strong>Caracteristici:<\/strong><\/p>\n<ul>\n<li>100% din bumbac<\/li>\n<li>nu lasa fibre dupa folosire<\/li>\n<li>absortie foarte buna, ambalate in pungi cu snur.<\/li>\n<li>margini cusute, ce nu permit desprinderea fibrelor<\/li>\n<li>suprafata fina<\/li>\n<li>hipoalergenice<\/li>\n<li>ideale pentru aplicarea produselor cosmetice, curatarea delicata a tenului si pentru indepartarea machiajului<\/li>\n<\/ul>\n<p><strong>Prezentare:<\/strong>\u00a0 120 bucati<\/p>\n","protected":false},"excerpt":{"rendered":"<p>Dischete din 100% bumbac, ideale pentru \u00eendep\u0103rtarea machiajul sau pentru cur\u0103\u0163area pielii. Sunt foarte delicate \u015fi nu las\u0103 fibre pe<\/p>\n","protected":false},"featured_media":32594,"comment_status":"open","ping_status":"closed","template":"","meta":[],"product_brand":[],"product_cat":[450],"product_tag":[],"class_list":{"0":"post-24383","1":"product","2":"type-product","3":"status-publish","4":"has-post-thumbnail","6":"product_cat-servetele-si-dischete-demachiante","8":"first","9":"instock","10":"shipping-taxable","11":"purchasable","12":"product-type-simple"},"_links":{"self":[{"href":"https:\/\/suplimentopia.ro\/index.php?rest_route=\/wp\/v2\/product\/24383","targetHints":{"allow":["GET"]}}],"collection":[{"href":"https:\/\/suplimentopia.ro\/index.php?rest_route=\/wp\/v2\/product"}],"about":[{"href":"https:\/\/suplimentopia.ro\/index.php?rest_route=\/wp\/v2\/types\/product"}],"replies":[{"embeddable":true,"href":"https:\/\/suplimentopia.ro\/index.php?rest_route=%2Fwp%2Fv2%2Fcomments&post=24383"}],"version-history":[{"count":0,"href":"https:\/\/suplimentopia.ro\/index.php?rest_route=\/wp\/v2\/product\/24383\/revisions"}],"wp:featuredmedia":[{"embeddable":true,"href":"https:\/\/suplimentopia.ro\/index.php?rest_route=\/wp\/v2\/media\/32594"}],"wp:attachment":[{"href":"https:\/\/suplimentopia.ro\/index.php?rest_route=%2Fwp%2Fv2%2Fmedia&parent=24383"}],"wp:term":[{"taxonomy":"product_brand","embeddable":true,"href":"https:\/\/suplimentopia.ro\/index.php?rest_route=%2Fwp%2Fv2%2Fproduct_brand&post=24383"},{"taxonomy":"product_cat","embeddable":true,"href":"https:\/\/suplimentopia.ro\/index.php?rest_route=%2Fwp%2Fv2%2Fproduct_cat&post=24383"},{"taxonomy":"product_tag","embeddable":true,"href":"https:\/\/suplimentopia.ro\/index.php?rest_route=%2Fwp%2Fv2%2Fproduct_tag&post=24383"}],"curies":[{"name":"wp","href":"https:\/\/api.w.org\/{rel}","templated":true}]}}