{"id":24674,"date":"2026-03-10T13:51:32","date_gmt":"2026-03-10T11:51:32","guid":{"rendered":"https:\/\/suplimentopia.ro\/?product=spray-nazal-nazomer-extra-30-ml-pro-natura"},"modified":"2026-03-10T13:51:32","modified_gmt":"2026-03-10T11:51:32","slug":"spray-nazal-nazomer-extra-30-ml-pro-natura","status":"publish","type":"product","link":"https:\/\/suplimentopia.ro\/?product=spray-nazal-nazomer-extra-30-ml-pro-natura","title":{"rendered":"Spray nazal, Nazomer Extra, 30 ml, Pro Natura"},"content":{"rendered":"<p>Spray nazal, Nazomer Extra, 30 ml, Pro Natura<\/p>\n<p><strong>Propriet\u0103\u021bi:<\/strong>&#8211; util \u00een obstruc\u021bii nazale \u00een majoritatea cazurilor de rinit\u0103 de origine inflamatorie, infec\u021bioas\u0103, alergic\u0103;- bogat \u00een s\u0103ruri minerale \u0219i oligoelemente, cu o concentra\u021bie m\u0103rit\u0103 de sare, creeaz\u0103 un bun efect antiseptic, ac\u021bion\u00e2nd pozitiv asupra mucoasei nazale, umezind-o, dezinfect\u00e2nd-o, \u00eendep\u0103rt\u00e2nd mecanic alergenii;- reduce inflama\u021biile;- cre\u0219te imunitatea local\u0103;- fluidizeaz\u0103 mucozit\u0103\u021bile.<strong>Ingrediente:<\/strong>Ap\u0103 de mare hiperton\u0103, Busuioc, Eucalipt.<strong>Mod de administrare:<\/strong>Copii &#8211; 1-3 doze pe zi, pulverizate \u00een fiecare nar\u0103, la nevoie.Adul\u021bi &#8211; 3-6 doze pe zi, pulverizate \u00een fiecare nar\u0103, la nevoie.<strong>Prezentare: <\/strong>30 ml<\/p>\n","protected":false},"excerpt":{"rendered":"<p>Spray nazal, Nazomer Extra, 30 ml, Pro Natura Propriet\u0103\u021bi:&#8211; util \u00een obstruc\u021bii nazale \u00een majoritatea cazurilor de rinit\u0103 de origine<\/p>\n","protected":false},"featured_media":32968,"comment_status":"open","ping_status":"closed","template":"","meta":[],"product_brand":[],"product_cat":[337],"product_tag":[],"class_list":{"0":"post-24674","1":"product","2":"type-product","3":"status-publish","4":"has-post-thumbnail","6":"product_cat-sistem-respirator","8":"first","9":"instock","10":"shipping-taxable","11":"purchasable","12":"product-type-simple"},"_links":{"self":[{"href":"https:\/\/suplimentopia.ro\/index.php?rest_route=\/wp\/v2\/product\/24674","targetHints":{"allow":["GET"]}}],"collection":[{"href":"https:\/\/suplimentopia.ro\/index.php?rest_route=\/wp\/v2\/product"}],"about":[{"href":"https:\/\/suplimentopia.ro\/index.php?rest_route=\/wp\/v2\/types\/product"}],"replies":[{"embeddable":true,"href":"https:\/\/suplimentopia.ro\/index.php?rest_route=%2Fwp%2Fv2%2Fcomments&post=24674"}],"version-history":[{"count":0,"href":"https:\/\/suplimentopia.ro\/index.php?rest_route=\/wp\/v2\/product\/24674\/revisions"}],"wp:featuredmedia":[{"embeddable":true,"href":"https:\/\/suplimentopia.ro\/index.php?rest_route=\/wp\/v2\/media\/32968"}],"wp:attachment":[{"href":"https:\/\/suplimentopia.ro\/index.php?rest_route=%2Fwp%2Fv2%2Fmedia&parent=24674"}],"wp:term":[{"taxonomy":"product_brand","embeddable":true,"href":"https:\/\/suplimentopia.ro\/index.php?rest_route=%2Fwp%2Fv2%2Fproduct_brand&post=24674"},{"taxonomy":"product_cat","embeddable":true,"href":"https:\/\/suplimentopia.ro\/index.php?rest_route=%2Fwp%2Fv2%2Fproduct_cat&post=24674"},{"taxonomy":"product_tag","embeddable":true,"href":"https:\/\/suplimentopia.ro\/index.php?rest_route=%2Fwp%2Fv2%2Fproduct_tag&post=24674"}],"curies":[{"name":"wp","href":"https:\/\/api.w.org\/{rel}","templated":true}]}}